{"id":3113,"date":"2021-07-14T23:01:45","date_gmt":"2021-07-14T21:01:45","guid":{"rendered":"https:\/\/futurostudio.cz\/home\/"},"modified":"2023-04-15T05:44:55","modified_gmt":"2023-04-15T03:44:55","slug":"introduction","status":"publish","type":"page","link":"https:\/\/futurostudio.cz\/en\/","title":{"rendered":"Home"},"content":{"rendered":"\t\t<div data-elementor-type=\"wp-post\" data-elementor-id=\"3113\" class=\"elementor elementor-3113 elementor-11\" data-elementor-post-type=\"page\">\n\t\t\t\t\t\t<section class=\"elementor-section elementor-top-section elementor-element elementor-element-0415744 elementor-section-full_width elementor-section-height-default elementor-section-height-default\" data-id=\"0415744\" data-element_type=\"section\" data-e-type=\"section\" data-settings=\"{&quot;jet_parallax_layout_list&quot;:[{&quot;jet_parallax_layout_image&quot;:{&quot;url&quot;:&quot;&quot;,&quot;id&quot;:&quot;&quot;,&quot;size&quot;:&quot;&quot;},&quot;_id&quot;:&quot;dc94780&quot;,&quot;jet_parallax_layout_image_tablet&quot;:{&quot;url&quot;:&quot;&quot;,&quot;id&quot;:&quot;&quot;,&quot;size&quot;:&quot;&quot;},&quot;jet_parallax_layout_image_mobile&quot;:{&quot;url&quot;:&quot;&quot;,&quot;id&quot;:&quot;&quot;,&quot;size&quot;:&quot;&quot;},&quot;jet_parallax_layout_speed&quot;:{&quot;unit&quot;:&quot;%&quot;,&quot;size&quot;:50,&quot;sizes&quot;:[]},&quot;jet_parallax_layout_type&quot;:&quot;scroll&quot;,&quot;jet_parallax_layout_direction&quot;:&quot;1&quot;,&quot;jet_parallax_layout_fx_direction&quot;:null,&quot;jet_parallax_layout_z_index&quot;:&quot;&quot;,&quot;jet_parallax_layout_bg_x&quot;:50,&quot;jet_parallax_layout_bg_x_tablet&quot;:&quot;&quot;,&quot;jet_parallax_layout_bg_x_mobile&quot;:&quot;&quot;,&quot;jet_parallax_layout_bg_y&quot;:50,&quot;jet_parallax_layout_bg_y_tablet&quot;:&quot;&quot;,&quot;jet_parallax_layout_bg_y_mobile&quot;:&quot;&quot;,&quot;jet_parallax_layout_bg_size&quot;:&quot;auto&quot;,&quot;jet_parallax_layout_bg_size_tablet&quot;:&quot;&quot;,&quot;jet_parallax_layout_bg_size_mobile&quot;:&quot;&quot;,&quot;jet_parallax_layout_animation_prop&quot;:&quot;transform&quot;,&quot;jet_parallax_layout_on&quot;:[&quot;desktop&quot;,&quot;tablet&quot;]}]}\">\n\t\t\t\t\t\t<div class=\"elementor-container elementor-column-gap-default\">\n\t\t\t\t\t<div class=\"elementor-column elementor-col-100 elementor-top-column elementor-element elementor-element-8667db8\" data-id=\"8667db8\" data-element_type=\"column\" data-e-type=\"column\">\n\t\t\t<div class=\"elementor-widget-wrap elementor-element-populated\">\n\t\t\t\t\t\t<div class=\"elementor-element elementor-element-5eb61c1 elementor-align-left elementor-widget elementor-widget-button\" data-id=\"5eb61c1\" data-element_type=\"widget\" data-e-type=\"widget\" data-widget_type=\"button.default\">\n\t\t\t\t<div class=\"elementor-widget-container\">\n\t\t\t\t\t\t\t\t\t<div class=\"elementor-button-wrapper\">\n\t\t\t\t\t<a class=\"elementor-button elementor-button-link elementor-size-xs\" href=\"https:\/\/futurostudio.cz\/en\/tambour-door-cabinet-rolleta\">\n\t\t\t\t\t\t<span class=\"elementor-button-content-wrapper\">\n\t\t\t\t\t\t\t\t\t<span class=\"elementor-button-text\">Roots<\/span>\n\t\t\t\t\t<\/span>\n\t\t\t\t\t<\/a>\n\t\t\t\t<\/div>\n\t\t\t\t\t\t\t\t<\/div>\n\t\t\t\t<\/div>\n\t\t\t\t<div class=\"elementor-element elementor-element-506b26b elementor-widget__width-inherit elementor-widget elementor-widget-image\" data-id=\"506b26b\" data-element_type=\"widget\" data-e-type=\"widget\" data-widget_type=\"image.default\">\n\t\t\t\t<div class=\"elementor-widget-container\">\n\t\t\t\t\t\t\t\t\t\t\t\t\t\t\t\t<a href=\"https:\/\/futurostudio.cz\/en\/roots\/\">\n\t\t\t\t\t\t\t<img fetchpriority=\"high\" decoding=\"async\" width=\"2560\" height=\"2501\" src=\"https:\/\/futurostudio.cz\/wp-content\/uploads\/2023\/04\/futurostudio_roots_jiri_krejcirik-scaled.jpg\" class=\"attachment-full size-full wp-image-4283\" alt=\"sb\u011bratelsk\u00e1 kolekce n\u00e1bytku Roots | Futurostudio.cz | Ji\u0159\u00ed Krej\u010di\u0159\u00edk\" srcset=\"https:\/\/futurostudio.cz\/wp-content\/uploads\/2023\/04\/futurostudio_roots_jiri_krejcirik-scaled.jpg 2560w, https:\/\/futurostudio.cz\/wp-content\/uploads\/2023\/04\/futurostudio_roots_jiri_krejcirik-300x293.jpg 300w, https:\/\/futurostudio.cz\/wp-content\/uploads\/2023\/04\/futurostudio_roots_jiri_krejcirik-1024x1001.jpg 1024w, https:\/\/futurostudio.cz\/wp-content\/uploads\/2023\/04\/futurostudio_roots_jiri_krejcirik-768x750.jpg 768w, https:\/\/futurostudio.cz\/wp-content\/uploads\/2023\/04\/futurostudio_roots_jiri_krejcirik-1536x1501.jpg 1536w, https:\/\/futurostudio.cz\/wp-content\/uploads\/2023\/04\/futurostudio_roots_jiri_krejcirik-2048x2001.jpg 2048w\" sizes=\"(max-width: 2560px) 100vw, 2560px\" \/>\t\t\t\t\t\t\t\t<\/a>\n\t\t\t\t\t\t\t\t\t\t\t\t\t\t\t<\/div>\n\t\t\t\t<\/div>\n\t\t\t\t<div class=\"elementor-element elementor-element-02fdc90 elementor-widget elementor-widget-global elementor-global-705 elementor-widget-spacer\" data-id=\"02fdc90\" data-element_type=\"widget\" data-e-type=\"widget\" data-widget_type=\"spacer.default\">\n\t\t\t\t<div class=\"elementor-widget-container\">\n\t\t\t\t\t\t\t<div class=\"elementor-spacer\">\n\t\t\t<div class=\"elementor-spacer-inner\"><\/div>\n\t\t<\/div>\n\t\t\t\t\t\t<\/div>\n\t\t\t\t<\/div>\n\t\t\t\t\t<\/div>\n\t\t<\/div>\n\t\t\t\t\t<\/div>\n\t\t<\/section>\n\t\t\t\t<section class=\"elementor-section elementor-top-section elementor-element elementor-element-ed745bf elementor-section-full_width elementor-section-height-default elementor-section-height-default\" data-id=\"ed745bf\" data-element_type=\"section\" data-e-type=\"section\" data-settings=\"{&quot;jet_parallax_layout_list&quot;:[{&quot;jet_parallax_layout_image&quot;:{&quot;url&quot;:&quot;&quot;,&quot;id&quot;:&quot;&quot;,&quot;size&quot;:&quot;&quot;},&quot;_id&quot;:&quot;f362c4a&quot;,&quot;jet_parallax_layout_image_tablet&quot;:{&quot;url&quot;:&quot;&quot;,&quot;id&quot;:&quot;&quot;,&quot;size&quot;:&quot;&quot;},&quot;jet_parallax_layout_image_mobile&quot;:{&quot;url&quot;:&quot;&quot;,&quot;id&quot;:&quot;&quot;,&quot;size&quot;:&quot;&quot;},&quot;jet_parallax_layout_speed&quot;:{&quot;unit&quot;:&quot;%&quot;,&quot;size&quot;:50,&quot;sizes&quot;:[]},&quot;jet_parallax_layout_type&quot;:&quot;scroll&quot;,&quot;jet_parallax_layout_direction&quot;:&quot;1&quot;,&quot;jet_parallax_layout_fx_direction&quot;:null,&quot;jet_parallax_layout_z_index&quot;:&quot;&quot;,&quot;jet_parallax_layout_bg_x&quot;:50,&quot;jet_parallax_layout_bg_x_tablet&quot;:&quot;&quot;,&quot;jet_parallax_layout_bg_x_mobile&quot;:&quot;&quot;,&quot;jet_parallax_layout_bg_y&quot;:50,&quot;jet_parallax_layout_bg_y_tablet&quot;:&quot;&quot;,&quot;jet_parallax_layout_bg_y_mobile&quot;:&quot;&quot;,&quot;jet_parallax_layout_bg_size&quot;:&quot;auto&quot;,&quot;jet_parallax_layout_bg_size_tablet&quot;:&quot;&quot;,&quot;jet_parallax_layout_bg_size_mobile&quot;:&quot;&quot;,&quot;jet_parallax_layout_animation_prop&quot;:&quot;transform&quot;,&quot;jet_parallax_layout_on&quot;:[&quot;desktop&quot;,&quot;tablet&quot;]}]}\">\n\t\t\t\t\t\t<div class=\"elementor-container elementor-column-gap-default\">\n\t\t\t\t\t<div class=\"elementor-column elementor-col-100 elementor-top-column elementor-element elementor-element-0541bd7\" data-id=\"0541bd7\" data-element_type=\"column\" data-e-type=\"column\" data-settings=\"{&quot;background_background&quot;:&quot;classic&quot;}\">\n\t\t\t<div class=\"elementor-widget-wrap elementor-element-populated\">\n\t\t\t\t\t\t<div class=\"elementor-element elementor-element-7491449 elementor-widget elementor-widget-heading\" data-id=\"7491449\" data-element_type=\"widget\" data-e-type=\"widget\" data-widget_type=\"heading.default\">\n\t\t\t\t<div class=\"elementor-widget-container\">\n\t\t\t\t\t<h1 class=\"elementor-heading-title elementor-size-default\">The Roots collectible furniture collection<\/h1>\t\t\t\t<\/div>\n\t\t\t\t<\/div>\n\t\t\t\t<div class=\"elementor-element elementor-element-d2eec1d elementor-widget elementor-widget-text-editor\" data-id=\"d2eec1d\" data-element_type=\"widget\" data-e-type=\"widget\" data-widget_type=\"text-editor.default\">\n\t\t\t\t<div class=\"elementor-widget-container\">\n\t\t\t\t\t\t\t\t\t<p>We are introducing the Roots collectible furniture collection, which is the result of a&nbsp;collaboration with designer Jiri Krejcirik. This collection combines Krejcirik&#8217;s&nbsp;distinctive aesthetic elements with the craftsmanship of our brand.&#8221;<\/p>\t\t\t\t\t\t\t\t<\/div>\n\t\t\t\t<\/div>\n\t\t\t\t\t<\/div>\n\t\t<\/div>\n\t\t\t\t\t<\/div>\n\t\t<\/section>\n\t\t\t\t<section class=\"elementor-section elementor-top-section elementor-element elementor-element-f353f47 elementor-section-boxed elementor-section-height-default elementor-section-height-default\" data-id=\"f353f47\" data-element_type=\"section\" data-e-type=\"section\" data-settings=\"{&quot;jet_parallax_layout_list&quot;:[{&quot;jet_parallax_layout_image&quot;:{&quot;url&quot;:&quot;&quot;,&quot;id&quot;:&quot;&quot;,&quot;size&quot;:&quot;&quot;},&quot;_id&quot;:&quot;dc94780&quot;,&quot;jet_parallax_layout_image_tablet&quot;:{&quot;url&quot;:&quot;&quot;,&quot;id&quot;:&quot;&quot;,&quot;size&quot;:&quot;&quot;},&quot;jet_parallax_layout_image_mobile&quot;:{&quot;url&quot;:&quot;&quot;,&quot;id&quot;:&quot;&quot;,&quot;size&quot;:&quot;&quot;},&quot;jet_parallax_layout_speed&quot;:{&quot;unit&quot;:&quot;%&quot;,&quot;size&quot;:50,&quot;sizes&quot;:[]},&quot;jet_parallax_layout_type&quot;:&quot;scroll&quot;,&quot;jet_parallax_layout_direction&quot;:&quot;1&quot;,&quot;jet_parallax_layout_fx_direction&quot;:null,&quot;jet_parallax_layout_z_index&quot;:&quot;&quot;,&quot;jet_parallax_layout_bg_x&quot;:50,&quot;jet_parallax_layout_bg_x_tablet&quot;:&quot;&quot;,&quot;jet_parallax_layout_bg_x_mobile&quot;:&quot;&quot;,&quot;jet_parallax_layout_bg_y&quot;:50,&quot;jet_parallax_layout_bg_y_tablet&quot;:&quot;&quot;,&quot;jet_parallax_layout_bg_y_mobile&quot;:&quot;&quot;,&quot;jet_parallax_layout_bg_size&quot;:&quot;auto&quot;,&quot;jet_parallax_layout_bg_size_tablet&quot;:&quot;&quot;,&quot;jet_parallax_layout_bg_size_mobile&quot;:&quot;&quot;,&quot;jet_parallax_layout_animation_prop&quot;:&quot;transform&quot;,&quot;jet_parallax_layout_on&quot;:[&quot;desktop&quot;,&quot;tablet&quot;]}]}\">\n\t\t\t\t\t\t<div class=\"elementor-container elementor-column-gap-default\">\n\t\t\t\t\t<div class=\"elementor-column elementor-col-100 elementor-top-column elementor-element elementor-element-8c20063\" data-id=\"8c20063\" data-element_type=\"column\" data-e-type=\"column\">\n\t\t\t<div class=\"elementor-widget-wrap elementor-element-populated\">\n\t\t\t\t\t\t<div class=\"elementor-element elementor-element-026d7cf elementor-widget elementor-widget-global elementor-global-705 elementor-widget-spacer\" data-id=\"026d7cf\" data-element_type=\"widget\" data-e-type=\"widget\" data-widget_type=\"spacer.default\">\n\t\t\t\t<div class=\"elementor-widget-container\">\n\t\t\t\t\t\t\t<div class=\"elementor-spacer\">\n\t\t\t<div class=\"elementor-spacer-inner\"><\/div>\n\t\t<\/div>\n\t\t\t\t\t\t<\/div>\n\t\t\t\t<\/div>\n\t\t\t\t\t<\/div>\n\t\t<\/div>\n\t\t\t\t\t<\/div>\n\t\t<\/section>\n\t\t\t\t<\/div>\n\t\t","protected":false},"excerpt":{"rendered":"<p>Roots The Roots collectible furniture collection We are introducing the Roots collectible furniture collection, which is the result of a&nbsp;collaboration with designer Jiri Krejcirik. This collection combines Krejcirik&#8217;s&nbsp;distinctive aesthetic elements with the craftsmanship of our brand.&#8221;<\/p>\n","protected":false},"author":3,"featured_media":2711,"parent":0,"menu_order":0,"comment_status":"closed","ping_status":"closed","template":"","meta":{"footnotes":""},"class_list":["post-3113","page","type-page","status-publish","has-post-thumbnail"],"yoast_head":"<!-- This site is optimized with the Yoast SEO plugin v27.2 - https:\/\/yoast.com\/product\/yoast-seo-wordpress\/ -->\n<title>Home - Futurostudio.cz<\/title>\n<meta name=\"description\" content=\"Home Roots The Roots collectible furniture collection We are introducing the Roots collectible furniture collection, which is the result of a collaboration\" \/>\n<meta name=\"robots\" content=\"index, follow, max-snippet:-1, max-image-preview:large, max-video-preview:-1\" \/>\n<link rel=\"canonical\" href=\"https:\/\/futurostudio.cz\/en\/\" \/>\n<meta property=\"og:locale\" content=\"en_US\" \/>\n<meta property=\"og:type\" content=\"article\" \/>\n<meta property=\"og:title\" content=\"Home - Futurostudio.cz\" \/>\n<meta property=\"og:description\" content=\"Home - Futurostudio.cz\" \/>\n<meta property=\"og:url\" content=\"https:\/\/futurostudio.cz\/en\/\" \/>\n<meta property=\"og:site_name\" content=\"Futurostudio.cz\" \/>\n<meta property=\"article:publisher\" content=\"https:\/\/www.facebook.com\/futurostudio.cz\" \/>\n<meta property=\"article:modified_time\" content=\"2023-04-15T03:44:55+00:00\" \/>\n<meta property=\"og:image\" content=\"https:\/\/futurostudio.cz\/wp-content\/uploads\/2021\/06\/cropped-logo_web_1-300x300.png\" \/>\n<meta name=\"twitter:label1\" content=\"Est. reading time\" \/>\n\t<meta name=\"twitter:data1\" content=\"1 minute\" \/>\n<!-- \/ Yoast SEO plugin. -->","yoast_head_json":{"title":"Home - Futurostudio.cz","description":"Home Roots The Roots collectible furniture collection We are introducing the Roots collectible furniture collection, which is the result of a collaboration","robots":{"index":"index","follow":"follow","max-snippet":"max-snippet:-1","max-image-preview":"max-image-preview:large","max-video-preview":"max-video-preview:-1"},"canonical":"https:\/\/futurostudio.cz\/en\/","og_locale":"en_US","og_type":"article","og_title":"Home - Futurostudio.cz","og_description":"Home - Futurostudio.cz","og_url":"https:\/\/futurostudio.cz\/en\/","og_site_name":"Futurostudio.cz","article_publisher":"https:\/\/www.facebook.com\/futurostudio.cz","article_modified_time":"2023-04-15T03:44:55+00:00","og_image":[{"url":"https:\/\/futurostudio.cz\/wp-content\/uploads\/2021\/06\/cropped-logo_web_1-300x300.png","type":"","width":"","height":""}],"twitter_misc":{"Est. reading time":"1 minute"},"schema":{"@context":"https:\/\/schema.org","@graph":[{"@type":"WebPage","@id":"https:\/\/futurostudio.cz\/en\/","url":"https:\/\/futurostudio.cz\/en\/","name":"Home - Futurostudio.cz","isPartOf":{"@id":"https:\/\/futurostudio.cz\/en\/#website"},"primaryImageOfPage":{"@id":"https:\/\/futurostudio.cz\/en\/#primaryimage"},"image":{"@id":"https:\/\/futurostudio.cz\/en\/#primaryimage"},"thumbnailUrl":"https:\/\/futurostudio.cz\/wp-content\/uploads\/2021\/06\/cropped-logo_web_1.png","datePublished":"2021-07-14T21:01:45+00:00","dateModified":"2023-04-15T03:44:55+00:00","description":"Home Roots The Roots collectible furniture collection We are introducing the Roots collectible furniture collection, which is the result of a collaboration","breadcrumb":{"@id":"https:\/\/futurostudio.cz\/en\/#breadcrumb"},"inLanguage":"en-US","potentialAction":[{"@type":"ReadAction","target":["https:\/\/futurostudio.cz\/en\/"]}]},{"@type":"ImageObject","inLanguage":"en-US","@id":"https:\/\/futurostudio.cz\/en\/#primaryimage","url":"https:\/\/futurostudio.cz\/wp-content\/uploads\/2021\/06\/cropped-logo_web_1.png","contentUrl":"https:\/\/futurostudio.cz\/wp-content\/uploads\/2021\/06\/cropped-logo_web_1.png","width":512,"height":512,"caption":"futurostudio logo"},{"@type":"BreadcrumbList","@id":"https:\/\/futurostudio.cz\/en\/#breadcrumb","itemListElement":[{"@type":"ListItem","position":1,"name":"\u00davod","item":"https:\/\/futurostudio.cz\/en\/"},{"@type":"ListItem","position":2,"name":"Home"}]},{"@type":"WebSite","@id":"https:\/\/futurostudio.cz\/en\/#website","url":"https:\/\/futurostudio.cz\/en\/","name":"Futurostudio.cz","description":"","publisher":{"@id":"https:\/\/futurostudio.cz\/en\/#organization"},"potentialAction":[{"@type":"SearchAction","target":{"@type":"EntryPoint","urlTemplate":"https:\/\/futurostudio.cz\/en\/?s={search_term_string}"},"query-input":{"@type":"PropertyValueSpecification","valueRequired":true,"valueName":"search_term_string"}}],"inLanguage":"en-US"},{"@type":"Organization","@id":"https:\/\/futurostudio.cz\/en\/#organization","name":"futurostudio","url":"https:\/\/futurostudio.cz\/en\/","logo":{"@type":"ImageObject","inLanguage":"en-US","@id":"https:\/\/futurostudio.cz\/en\/#\/schema\/logo\/image\/","url":"https:\/\/futurostudio.cz\/wp-content\/uploads\/2021\/06\/cropped-logo_web_1.png","contentUrl":"https:\/\/futurostudio.cz\/wp-content\/uploads\/2021\/06\/cropped-logo_web_1.png","width":512,"height":512,"caption":"futurostudio"},"image":{"@id":"https:\/\/futurostudio.cz\/en\/#\/schema\/logo\/image\/"},"sameAs":["https:\/\/www.facebook.com\/futurostudio.cz","https:\/\/www.instagram.com\/futurostudio.cz\/","https:\/\/cz.pinterest.com\/futurostudiocz\/"]}]}},"_links":{"self":[{"href":"https:\/\/futurostudio.cz\/en\/wp-json\/wp\/v2\/pages\/3113","targetHints":{"allow":["GET"]}}],"collection":[{"href":"https:\/\/futurostudio.cz\/en\/wp-json\/wp\/v2\/pages"}],"about":[{"href":"https:\/\/futurostudio.cz\/en\/wp-json\/wp\/v2\/types\/page"}],"author":[{"embeddable":true,"href":"https:\/\/futurostudio.cz\/en\/wp-json\/wp\/v2\/users\/3"}],"replies":[{"embeddable":true,"href":"https:\/\/futurostudio.cz\/en\/wp-json\/wp\/v2\/comments?post=3113"}],"version-history":[{"count":50,"href":"https:\/\/futurostudio.cz\/en\/wp-json\/wp\/v2\/pages\/3113\/revisions"}],"predecessor-version":[{"id":4288,"href":"https:\/\/futurostudio.cz\/en\/wp-json\/wp\/v2\/pages\/3113\/revisions\/4288"}],"wp:featuredmedia":[{"embeddable":true,"href":"https:\/\/futurostudio.cz\/en\/wp-json\/wp\/v2\/media\/2711"}],"wp:attachment":[{"href":"https:\/\/futurostudio.cz\/en\/wp-json\/wp\/v2\/media?parent=3113"}],"curies":[{"name":"wp","href":"https:\/\/api.w.org\/{rel}","templated":true}]}}